{"id":2,"date":"2010-12-21T11:20:10","date_gmt":"2010-12-21T11:20:10","guid":{"rendered":"http:\/\/videlundvidstrandsnas.strandaker.se\/?page_id=2"},"modified":"2020-01-22T11:24:49","modified_gmt":"2020-01-22T11:24:49","slug":"about","status":"publish","type":"page","link":"https:\/\/videlundvidstrandsnas.strandaker.se\/?page_id=2","title":{"rendered":"Bagarstugan"},"content":{"rendered":"<blockquote>\n<p>\u00a0<\/p>\n<p><a href=\"http:\/\/media.videlundvidstrandsnas.strandaker.se\/2010\/12\/baka.bmp\"><img decoding=\"async\" class=\"aligncenter size-full wp-image-10\" title=\"baka\" src=\"http:\/\/media.videlundvidstrandsnas.strandaker.se\/2010\/12\/baka.bmp\" alt=\"\" \/><\/a><\/p>\n<h1 style=\"text-align: center;\"><strong><span style=\"color: #000000; font-size: small;\">V\u00e4lkommen att baka i v\u00e5r Bagarstuga!<\/span><\/strong><\/h1>\n<p><span style=\"font-family: Frutiger 45 Light; font-size: small;\"><span style=\"color: #000000;\">Bagarstugan invigdes den 13:e juli 2002 och har sedan dess anv\u00e4nts flitigt!\u00a0<\/span><\/span><span style=\"font-family: Frutiger 45 Light; color: #ffffff; font-size: small;\"><br \/><\/span><span style=\"font-family: Frutiger 45 Light; font-size: small;\"><span style=\"color: #000000;\">Lokalen \u00e4r stor och ljus och har ett rej\u00e4lt bakbord och allt som h\u00f6r bakningen till. Den \u00e4r utrustad med elspis, diskb\u00e4nk, degmaskin och inte minst golvv\u00e4rme.<\/span><\/span><\/p>\n<p><span style=\"color: #000000;\">Ved kan antingen tas med eller k\u00f6pas av Videlunds Byag\u00e5rdsf\u00f6rening. <\/span><\/p>\n<p><span style=\"color: #000000;\">Bagarstuga: H<\/span><span style=\"color: #000000;\">yresavgift: 200:- medl 300.- icke medl \u00a0 \u00a0 \u00a0 \u00a0 \u00a0 \u00a0 \u00a0 \u00a0\u00a0 <\/span><span style=\"color: #000000;\">Ved:100:-\/tillf\u00e4lle\u00a0<\/span><\/p>\n<p><span style=\"color: #000000;\">Swish 123 651 85 83 eller bankgiro 5106-9540. Ange vid inbetalningen ditt namn och att det avser hyra av Bagarstugan.<br \/>Du \u00e4r varmt v\u00e4lkommen att baka i v\u00e5r bagarstuga!<\/span><\/p>\n<p><strong><span style=\"color: #000000;\">Bokning av\u00a0bagarstugan!<\/span><\/strong><\/p>\n<p><span style=\"color: #000000;\">\u00a0Kontakta Siv Gustavsson 070-211 22 70 eller \u00a0 \u00a0 \u00a0 \u00a0 \u00a0 \u00a0 \u00a0 \u00a0 \u00a0 \u00a0 \u00a0 \u00a0 \u00a0 \u00a0 \u00a0 \u00a0 \u00a0 \u00a0 \u00a0 Agnetha Wenngren 070-309 84 05\u00a0<\/span><\/p>\n<p>\u00a0<\/p>\n<\/blockquote>\n\n\n<p><\/p>\n","protected":false},"excerpt":{"rendered":"<p>\u00a0 V\u00e4lkommen att baka i v\u00e5r Bagarstuga! Bagarstugan invigdes den 13:e juli 2002 och har sedan dess anv\u00e4nts flitigt!\u00a0Lokalen \u00e4r stor och ljus och har ett rej\u00e4lt bakbord och allt som h\u00f6r bakningen till. Den \u00e4r utrustad med elspis, diskb\u00e4nk, &hellip; <a href=\"https:\/\/videlundvidstrandsnas.strandaker.se\/?page_id=2\">Forts\u00e4tt l\u00e4sa <span class=\"meta-nav\">&rarr;<\/span><\/a><\/p>\n","protected":false},"author":1,"featured_media":0,"parent":0,"menu_order":0,"comment_status":"open","ping_status":"open","template":"","meta":{"footnotes":""},"class_list":["post-2","page","type-page","status-publish","hentry"],"_links":{"self":[{"href":"https:\/\/videlundvidstrandsnas.strandaker.se\/index.php?rest_route=\/wp\/v2\/pages\/2","targetHints":{"allow":["GET"]}}],"collection":[{"href":"https:\/\/videlundvidstrandsnas.strandaker.se\/index.php?rest_route=\/wp\/v2\/pages"}],"about":[{"href":"https:\/\/videlundvidstrandsnas.strandaker.se\/index.php?rest_route=\/wp\/v2\/types\/page"}],"author":[{"embeddable":true,"href":"https:\/\/videlundvidstrandsnas.strandaker.se\/index.php?rest_route=\/wp\/v2\/users\/1"}],"replies":[{"embeddable":true,"href":"https:\/\/videlundvidstrandsnas.strandaker.se\/index.php?rest_route=%2Fwp%2Fv2%2Fcomments&post=2"}],"version-history":[{"count":11,"href":"https:\/\/videlundvidstrandsnas.strandaker.se\/index.php?rest_route=\/wp\/v2\/pages\/2\/revisions"}],"predecessor-version":[{"id":499,"href":"https:\/\/videlundvidstrandsnas.strandaker.se\/index.php?rest_route=\/wp\/v2\/pages\/2\/revisions\/499"}],"wp:attachment":[{"href":"https:\/\/videlundvidstrandsnas.strandaker.se\/index.php?rest_route=%2Fwp%2Fv2%2Fmedia&parent=2"}],"curies":[{"name":"wp","href":"https:\/\/api.w.org\/{rel}","templated":true}]}}