{"id":68,"date":"2011-05-29T07:08:13","date_gmt":"2011-05-29T07:08:13","guid":{"rendered":"http:\/\/videlundvidstrandsnas.strandaker.se\/?page_id=68"},"modified":"2020-01-22T11:05:41","modified_gmt":"2020-01-22T11:05:41","slug":"medlemsinformation","status":"publish","type":"page","link":"https:\/\/videlundvidstrandsnas.strandaker.se\/?page_id=68","title":{"rendered":"Medlemsinformation"},"content":{"rendered":"<p>Medlemsavgiften \u00e4r 100:- f\u00f6r enskild och 250:&#8211; f\u00f6r familj.<\/p>\n<p>Bankgiro 5106-9540 eller Swish 123 651 85 83<\/p>\n<p><strong>Hyra Bagarstugan<\/strong>: 200:- medlem och 300:- icke medlem. Tillkommer 100:- f\u00f6r ved.<\/p>\n<p>Kontakta Siv p\u00e5 070 211 22 70 eller Agnetha p\u00e5 070 309 84 05<\/p>\n<p><strong>Hyra Byag\u00e5rden<\/strong>: Medl 300:- icke medlem 500:- f\u00f6retag 700:-<\/p>\n<p>Byag\u00e5rden har k\u00f6ksutrustning och porslin f\u00f6r 40 personer.<\/p>\n<p>Kontakta Roland 070 677 38 46<\/p>\n<p><strong>Hyra Muurikka<\/strong>: Stor gasoldriven muurikka med ben. Medl 250:- icke medl 500:- (gasol ing\u00e5r ej)<\/p>\n<p>Kontakta Anders 070 243 29 89<\/p>\n<p><strong>Hyra Partyt\u00e4lt:<\/strong> Stort partyt\u00e4lt 10&#215;5 m. 250:- medl 500:- icke medl.<\/p>\n<p>Kontakta Anders 070 243 29 89<\/p>\n<p><img loading=\"lazy\" decoding=\"async\" class=\"aligncenter size-thumbnail wp-image-69\" title=\"N\u00e5gra av medlemmarna \" src=\"http:\/\/media.videlundvidstrandsnas.strandaker.se\/2011\/05\/trapp-150x150.jpg\" alt=\"\" width=\"150\" height=\"150\" \/><\/p>\n<div>\n<p>Kommande aktiviteter 2020:<\/p>\n<p>16 feb \u00c5rsm\u00f6te (separat utskick till medlemmarna)<\/p>\n<p>28 mars Skotersouvas kl 11:00 &#8211; 15:00<\/p>\n<\/div>\n","protected":false},"excerpt":{"rendered":"<p>Medlemsavgiften \u00e4r 100:- f\u00f6r enskild och 250:&#8211; f\u00f6r familj. Bankgiro 5106-9540 eller Swish 123 651 85 83 Hyra Bagarstugan: 200:- medlem och 300:- icke medlem. Tillkommer 100:- f\u00f6r ved. Kontakta Siv p\u00e5 070 211 22 70 eller Agnetha p\u00e5 070 &hellip; <a href=\"https:\/\/videlundvidstrandsnas.strandaker.se\/?page_id=68\">Forts\u00e4tt l\u00e4sa <span class=\"meta-nav\">&rarr;<\/span><\/a><\/p>\n","protected":false},"author":1,"featured_media":0,"parent":0,"menu_order":0,"comment_status":"open","ping_status":"open","template":"","meta":{"footnotes":""},"class_list":["post-68","page","type-page","status-publish","hentry"],"_links":{"self":[{"href":"https:\/\/videlundvidstrandsnas.strandaker.se\/index.php?rest_route=\/wp\/v2\/pages\/68","targetHints":{"allow":["GET"]}}],"collection":[{"href":"https:\/\/videlundvidstrandsnas.strandaker.se\/index.php?rest_route=\/wp\/v2\/pages"}],"about":[{"href":"https:\/\/videlundvidstrandsnas.strandaker.se\/index.php?rest_route=\/wp\/v2\/types\/page"}],"author":[{"embeddable":true,"href":"https:\/\/videlundvidstrandsnas.strandaker.se\/index.php?rest_route=\/wp\/v2\/users\/1"}],"replies":[{"embeddable":true,"href":"https:\/\/videlundvidstrandsnas.strandaker.se\/index.php?rest_route=%2Fwp%2Fv2%2Fcomments&post=68"}],"version-history":[{"count":9,"href":"https:\/\/videlundvidstrandsnas.strandaker.se\/index.php?rest_route=\/wp\/v2\/pages\/68\/revisions"}],"predecessor-version":[{"id":497,"href":"https:\/\/videlundvidstrandsnas.strandaker.se\/index.php?rest_route=\/wp\/v2\/pages\/68\/revisions\/497"}],"wp:attachment":[{"href":"https:\/\/videlundvidstrandsnas.strandaker.se\/index.php?rest_route=%2Fwp%2Fv2%2Fmedia&parent=68"}],"curies":[{"name":"wp","href":"https:\/\/api.w.org\/{rel}","templated":true}]}}