{"id":97,"date":"2011-07-14T14:14:41","date_gmt":"2011-07-14T14:14:41","guid":{"rendered":"http:\/\/videlundvidstrandsnas.strandaker.se\/?page_id=97"},"modified":"2011-07-14T14:14:41","modified_gmt":"2011-07-14T14:14:41","slug":"byabilder","status":"publish","type":"page","link":"https:\/\/videlundvidstrandsnas.strandaker.se\/?page_id=97","title":{"rendered":"Byabilder"},"content":{"rendered":"<p><a href=\"http:\/\/media.videlundvidstrandsnas.strandaker.se\/2011\/07\/Regnb\u00e5ge-i-kv\u00e4llssol-Ume\u00e4lven-Gran\u00f6lund.jpg\"><img loading=\"lazy\" decoding=\"async\" class=\"alignnone size-large wp-image-81\" title=\"Regnb\u00e5ge i kv\u00e4llssol Ume\u00e4lven Gran\u00f6lund\" src=\"http:\/\/media.videlundvidstrandsnas.strandaker.se\/2011\/07\/Regnb\u00e5ge-i-kv\u00e4llssol-Ume\u00e4lven-Gran\u00f6lund-1024x768.jpg\" alt=\"\" width=\"640\" height=\"480\" srcset=\"http:\/\/media.videlundvidstrandsnas.strandaker.se\/2011\/07\/Regnb\u00e5ge-i-kv\u00e4llssol-Ume\u00e4lven-Gran\u00f6lund-1024x768.jpg 1024w, http:\/\/media.videlundvidstrandsnas.strandaker.se\/2011\/07\/Regnb\u00e5ge-i-kv\u00e4llssol-Ume\u00e4lven-Gran\u00f6lund-300x225.jpg 300w\" sizes=\"auto, (max-width: 640px) 100vw, 640px\" \/><\/a>Vy \u00f6ver Ume\u00e4lven, Lubbudden, Gran\u00f6lund. Bilden tagen fr\u00e5n Sodom av Sture Gottnersson<\/p>\n<p><a href=\"http:\/\/media.videlundvidstrandsnas.strandaker.se\/2011\/07\/Strand\u00e5ker.jpg\"><img loading=\"lazy\" decoding=\"async\" class=\"alignnone size-medium wp-image-98\" title=\"Strand\u00e5ker\" src=\"http:\/\/media.videlundvidstrandsnas.strandaker.se\/2011\/07\/Strand\u00e5ker-300x198.jpg\" alt=\"\" width=\"300\" height=\"198\" srcset=\"http:\/\/media.videlundvidstrandsnas.strandaker.se\/2011\/07\/Strand\u00e5ker-300x198.jpg 300w, http:\/\/media.videlundvidstrandsnas.strandaker.se\/2011\/07\/Strand\u00e5ker.jpg 380w\" sizes=\"auto, (max-width: 300px) 100vw, 300px\" \/><\/a><\/p>\n<p>En bild fr\u00e5n Strand\u00e5ker. Bilden tagen av Eric Rehn<\/p>\n<p>&nbsp;<\/p>\n<p>&nbsp;<\/p>\n","protected":false},"excerpt":{"rendered":"<p>Vy \u00f6ver Ume\u00e4lven, Lubbudden, Gran\u00f6lund. Bilden tagen fr\u00e5n Sodom av Sture Gottnersson En bild fr\u00e5n Strand\u00e5ker. Bilden tagen av Eric Rehn &nbsp; &nbsp;<\/p>\n","protected":false},"author":1,"featured_media":0,"parent":0,"menu_order":0,"comment_status":"open","ping_status":"open","template":"","meta":{"footnotes":""},"class_list":["post-97","page","type-page","status-publish","hentry"],"_links":{"self":[{"href":"https:\/\/videlundvidstrandsnas.strandaker.se\/index.php?rest_route=\/wp\/v2\/pages\/97","targetHints":{"allow":["GET"]}}],"collection":[{"href":"https:\/\/videlundvidstrandsnas.strandaker.se\/index.php?rest_route=\/wp\/v2\/pages"}],"about":[{"href":"https:\/\/videlundvidstrandsnas.strandaker.se\/index.php?rest_route=\/wp\/v2\/types\/page"}],"author":[{"embeddable":true,"href":"https:\/\/videlundvidstrandsnas.strandaker.se\/index.php?rest_route=\/wp\/v2\/users\/1"}],"replies":[{"embeddable":true,"href":"https:\/\/videlundvidstrandsnas.strandaker.se\/index.php?rest_route=%2Fwp%2Fv2%2Fcomments&post=97"}],"version-history":[{"count":1,"href":"https:\/\/videlundvidstrandsnas.strandaker.se\/index.php?rest_route=\/wp\/v2\/pages\/97\/revisions"}],"predecessor-version":[{"id":99,"href":"https:\/\/videlundvidstrandsnas.strandaker.se\/index.php?rest_route=\/wp\/v2\/pages\/97\/revisions\/99"}],"wp:attachment":[{"href":"https:\/\/videlundvidstrandsnas.strandaker.se\/index.php?rest_route=%2Fwp%2Fv2%2Fmedia&parent=97"}],"curies":[{"name":"wp","href":"https:\/\/api.w.org\/{rel}","templated":true}]}}